{"id":9337,"date":"2025-05-13T09:21:22","date_gmt":"2025-05-13T09:21:22","guid":{"rendered":"https:\/\/invictarabac.com\/rent-a-sup\/"},"modified":"2025-07-01T15:33:13","modified_gmt":"2025-07-01T15:33:13","slug":"rent-a-sup","status":"publish","type":"page","link":"https:\/\/invictarabac.com\/de\/rent-a-sup\/","title":{"rendered":"Stand up Paddle Verleih"},"content":{"rendered":"\t\t<div data-elementor-type=\"wp-page\" data-elementor-id=\"9337\" class=\"elementor elementor-9337 elementor-8366\">\n\t\t\t\t<div class=\"elementor-element elementor-element-e77ad4 e-con-full e-flex e-con e-parent\" data-id=\"e77ad4\" data-element_type=\"container\" data-settings=\"{&quot;background_background&quot;:&quot;classic&quot;}\">\n\t\t\t\t<div class=\"elementor-element elementor-element-5b2ecb7 elementor-widget elementor-widget-heading\" data-id=\"5b2ecb7\" data-element_type=\"widget\" data-widget_type=\"heading.default\">\n\t\t\t\t<div class=\"elementor-widget-container\">\n\t\t\t\t\t<h2 class=\"elementor-heading-title elementor-size-default\">Stand up Paddle Verleih<\/h2>\t\t\t\t<\/div>\n\t\t\t\t<\/div>\n\t\t\t\t<\/div>\n\t\t<div class=\"elementor-element elementor-element-53b4897d e-flex e-con-boxed e-con e-parent\" data-id=\"53b4897d\" data-element_type=\"container\" data-settings=\"{&quot;background_background&quot;:&quot;classic&quot;}\">\n\t\t\t\t\t<div class=\"e-con-inner\">\n\t\t<div class=\"elementor-element elementor-element-611e72d5 e-con-full e-flex e-con e-child\" data-id=\"611e72d5\" data-element_type=\"container\">\n\t\t\t\t<div class=\"elementor-element elementor-element-44b56041 elementor-widget elementor-widget-gva-heading-block\" data-id=\"44b56041\" data-element_type=\"widget\" data-widget_type=\"gva-heading-block.default\">\n\t\t\t\t<div class=\"elementor-widget-container\">\n\t\t\t\t\t<div class=\"gva-element-gva-heading-block gva-element\">\r\n   <div class=\"align-center style-3 widget gsc-heading box-align-left auto-responsive\">\r\n      \r\n      <div class=\"content-inner\">\r\n                  \r\n           \r\n         \r\n                     <h2 class=\"title\">\r\n               <span>Stand Up Paddle (SUP) Boarding ist ein aufstrebender globaler Sport, der gro\u00dfen Spa\u00df, Liebe zum Wasser und bew\u00e4hrtes Rumpftraining kombiniert! <\/span>\r\n            <\/h2>\r\n                  \r\n                     <div class=\"title-desc\">Es ist eine gro\u00dfartige M\u00f6glichkeit, die K\u00fcste zu erkunden, ein kleines Workout oder eine SUP-Yoga-Sitzung zu machen oder Ihre Kinder auf eine Tour mitzunehmen.\nWir k\u00f6nnen Ihnen das aufblasbare JOBE Leona 10.6 Paddle Board anbieten, ein echter Allrounder, der perfekt f\u00fcr den Freizeit-Stand-Up-Paddle-Board-Fan ist, der alles machen m\u00f6chte!\n<\/div>\r\n         \r\n               <\/div>\r\n\r\n   <\/div>\r\n\r\n<\/div>\t\t\t\t<\/div>\n\t\t\t\t<\/div>\n\t\t\t\t<\/div>\n\t\t<div class=\"elementor-element elementor-element-00b3169 e-con-full e-flex e-con e-child\" data-id=\"00b3169\" data-element_type=\"container\">\n\t\t\t\t<div class=\"elementor-element elementor-element-dbe9f66 elementor-widget elementor-widget-image\" data-id=\"dbe9f66\" data-element_type=\"widget\" data-widget_type=\"image.default\">\n\t\t\t\t<div class=\"elementor-widget-container\">\n\t\t\t\t\t\t\t\t\t\t\t\t\t\t\t<img fetchpriority=\"high\" decoding=\"async\" width=\"900\" height=\"600\" src=\"https:\/\/invictarabac.com\/wp-content\/uploads\/2025\/05\/sup-1024x683.jpg\" class=\"attachment-large size-large wp-image-9149\" alt=\"\" srcset=\"https:\/\/invictarabac.com\/wp-content\/uploads\/2025\/05\/sup-1024x683.jpg 1024w, https:\/\/invictarabac.com\/wp-content\/uploads\/2025\/05\/sup-768x512.jpg 768w, https:\/\/invictarabac.com\/wp-content\/uploads\/2025\/05\/sup.jpg 1200w\" sizes=\"(max-width: 900px) 100vw, 900px\" \/>\t\t\t\t\t\t\t\t\t\t\t\t\t\t\t<\/div>\n\t\t\t\t<\/div>\n\t\t\t\t<\/div>\n\t\t\t\t\t<\/div>\n\t\t\t\t<\/div>\n\t\t<div class=\"elementor-element elementor-element-29ef4cf e-flex e-con-boxed e-con e-parent\" data-id=\"29ef4cf\" data-element_type=\"container\" data-settings=\"{&quot;background_background&quot;:&quot;classic&quot;}\">\n\t\t\t\t\t<div class=\"e-con-inner\">\n\t\t\t\t<div class=\"elementor-element elementor-element-d2ce853 elementor-widget elementor-widget-html\" data-id=\"d2ce853\" data-element_type=\"widget\" data-widget_type=\"html.default\">\n\t\t\t\t<div class=\"elementor-widget-container\">\n\t\t\t\t\t\n<div class=\"wpcf7 no-js\" id=\"wpcf7-f9397-o1\" lang=\"de-DE\" dir=\"ltr\" data-wpcf7-id=\"9397\">\n<div class=\"screen-reader-response\"><p role=\"status\" aria-live=\"polite\" aria-atomic=\"true\"><\/p> <ul><\/ul><\/div>\n<form action=\"\/de\/wp-json\/wp\/v2\/pages\/9337#wpcf7-f9397-o1\" method=\"post\" class=\"wpcf7-form init\" aria-label=\"Kontaktformular\" novalidate=\"novalidate\" data-status=\"init\">\n<fieldset class=\"hidden-fields-container\"><input type=\"hidden\" name=\"_wpcf7\" value=\"9397\" \/><input type=\"hidden\" name=\"_wpcf7_version\" value=\"6.1\" \/><input type=\"hidden\" name=\"_wpcf7_locale\" value=\"de_DE\" \/><input type=\"hidden\" name=\"_wpcf7_unit_tag\" value=\"wpcf7-f9397-o1\" \/><input type=\"hidden\" name=\"_wpcf7_container_post\" value=\"0\" \/><input type=\"hidden\" name=\"_wpcf7_posted_data_hash\" value=\"\" \/>\n<\/fieldset>\n<div class=\"row\">\n<div class=\"col-sm-6 col-xs-12\">W\u00e4hlen Sie ein Datum\n<span class=\"wpcf7-form-control-wrap\" data-name=\"date-606\"><input class=\"wpcf7-form-control wpcf7-date wpcf7-validates-as-required wpcf7-validates-as-date\" aria-required=\"true\" aria-invalid=\"false\" placeholder=\"W\u00e4hlen Sie ein Datum\" value=\"\" type=\"date\" name=\"date-606\" \/><\/span>\n<\/div>\n<div class=\"col-sm-6 col-xs-12\">Vorname und Nachname\n<span class=\"wpcf7-form-control-wrap\" data-name=\"text-509\"><input size=\"40\" maxlength=\"400\" class=\"wpcf7-form-control wpcf7-text wpcf7-validates-as-required\" aria-required=\"true\" aria-invalid=\"false\" placeholder=\"Vollst\u00e4ndiger Name\" value=\"\" type=\"text\" name=\"text-509\" \/><\/span>\n<\/div>\n<\/div>\n\n<div class=\"row\">\n<div class=\"col-sm-6 col-xs-12\">\n<span class=\"wpcf7-form-control-wrap\" data-name=\"select-575\"><select class=\"wpcf7-form-control wpcf7-select\" aria-invalid=\"false\" name=\"select-575\"><option value=\"\">1 Stunde<\/option><option value=\"3 Stunden\">3 Stunden<\/option><option value=\"1 Tag\">1 Tag<\/option><option value=\"3 Tage\">3 Tage<\/option><option value=\"1 Woche\">1 Woche<\/option><option value=\"Sonstiges\">Sonstiges<\/option><\/select><\/span>\n<\/div>   \n<div class=\"col-sm-6 col-xs-12\">\n<span class=\"wpcf7-form-control-wrap\" data-name=\"number-19\"><input class=\"wpcf7-form-control wpcf7-number wpcf7-validates-as-number\" min=\"01\" max=\"12\" aria-invalid=\"false\" placeholder=\"Anzahl der Personen\" value=\"\" type=\"number\" name=\"number-19\" \/><\/span>\n<\/div> \n<\/div>\n\n\n<div class=\"row\">\n<div class=\"col-sm-6 col-xs-12\">\n<span class=\"wpcf7-form-control-wrap\" data-name=\"email-789\"><input size=\"40\" maxlength=\"400\" class=\"wpcf7-form-control wpcf7-email wpcf7-validates-as-required wpcf7-text wpcf7-validates-as-email\" aria-required=\"true\" aria-invalid=\"false\" placeholder=\"Email\" value=\"\" type=\"email\" name=\"email-789\" \/><\/span>\n<\/div>\n<div class=\"col-sm-6 col-xs-12\">\n<span class=\"wpcf7-form-control-wrap\" data-name=\"tel-874\"><input size=\"40\" maxlength=\"400\" class=\"wpcf7-form-control wpcf7-tel wpcf7-text wpcf7-validates-as-tel\" aria-invalid=\"false\" placeholder=\"Telefon\" value=\"\" type=\"tel\" name=\"tel-874\" \/><\/span>\n<\/div> \n<\/div>\n<div class=\"row\">\n<div class=\"col-sm-12 col-xs-12\">\n<span class=\"wpcf7-form-control-wrap\" data-name=\"textarea-815\"><textarea cols=\"40\" rows=\"10\" maxlength=\"2000\" class=\"wpcf7-form-control wpcf7-textarea\" aria-invalid=\"false\" placeholder=\"Nachricht\" name=\"textarea-815\"><\/textarea><\/span>\n<\/div><\/div>\n\n\n   <div class=\"col-sm-12 col-xs-12 action text-left\"><span class=\"form-action\"><input class=\"wpcf7-form-control wpcf7-submit has-spinner\" type=\"submit\" value=\"Senden Sie eine Nachricht\" \/><\/span><\/div>\n<\/div><div class=\"wpcf7-response-output\" aria-hidden=\"true\"><\/div>\n<\/form>\n<\/div>\n\t\t\t\t<\/div>\n\t\t\t\t<\/div>\n\t\t\t\t\t<\/div>\n\t\t\t\t<\/div>\n\t\t<div class=\"elementor-element elementor-element-c1195b2 e-flex e-con-boxed e-con e-parent\" data-id=\"c1195b2\" data-element_type=\"container\" data-settings=\"{&quot;background_background&quot;:&quot;classic&quot;}\">\n\t\t\t\t\t<div class=\"e-con-inner\">\n\t\t<div class=\"elementor-element elementor-element-1faa145d e-con-full e-flex e-con e-child\" data-id=\"1faa145d\" data-element_type=\"container\">\n\t\t\t\t<div class=\"elementor-element elementor-element-2172a897 elementor-widget elementor-widget-gva-heading-block\" data-id=\"2172a897\" data-element_type=\"widget\" data-widget_type=\"gva-heading-block.default\">\n\t\t\t\t<div class=\"elementor-widget-container\">\n\t\t\t\t\t<div class=\"gva-element-gva-heading-block gva-element\">\r\n   <div class=\"align-center style-3 widget gsc-heading box-align-center auto-responsive\">\r\n      \r\n      <div class=\"content-inner\">\r\n                  \r\n         <div class=\"sub-title\"><span class=\"tagline\">W\u00e4hlen Sie unsere Tourarten und genie\u00dfen Sie jetzt<\/span><\/div>  \r\n         \r\n                     <h2 class=\"title\">\r\n               <span>ALLE SERVICELEISTUNGEN<\/span>\r\n            <\/h2>\r\n                  \r\n         \r\n               <\/div>\r\n\r\n   <\/div>\r\n\r\n<\/div>\t\t\t\t<\/div>\n\t\t\t\t<\/div>\n\t\t\t\t<div class=\"elementor-element elementor-element-151c4db1 elementor-widget elementor-widget-gva-listings-banner-group\" data-id=\"151c4db1\" data-element_type=\"widget\" data-widget_type=\"gva-listings-banner-group.default\">\n\t\t\t\t<div class=\"elementor-widget-container\">\n\t\t\t\t\t<div class=\"gva-element-gva-listings-banner-group gva-element\">\r\n<div class=\"gsc-listings-banner-group layout-carousel swiper-slider-wrapper style-1\">\r\n   <div class=\"swiper-content-inner\">\r\n      <div class=\"init-carousel-swiper swiper\" data-carousel=\"{&quot;items&quot;:4,&quot;items_lg&quot;:4,&quot;items_md&quot;:2,&quot;items_sm&quot;:2,&quot;items_xs&quot;:1,&quot;items_xx&quot;:1,&quot;effect&quot;:&quot;slide&quot;,&quot;space_between&quot;:20,&quot;loop&quot;:1,&quot;speed&quot;:600,&quot;autoplay&quot;:1,&quot;autoplay_delay&quot;:4500,&quot;autoplay_hover&quot;:1,&quot;navigation&quot;:1,&quot;pagination&quot;:0,&quot;dynamic_bullets&quot;:0,&quot;pagination_type&quot;:&quot;fraction&quot;}\">\r\n         <div class=\"swiper-wrapper\">\r\n            <div class=\"swiper-slide\">\r\n<div class=\"item\">\r\n   <div class=\"banner-three__single\">\r\n      <div class=\"banner-three__wrap\">\r\n         <div class=\"banner-three__image\">\r\n            <img decoding=\"async\" src=\"https:\/\/invictarabac.com\/wp-content\/uploads\/2025\/05\/BLUE-CAVE1-1.jpg\" alt=\"Express\"\/>         <\/div>\r\n         <div class=\"banner-three__content\">\r\n         \t\t<div class=\"banner-three__content-wrap\">\r\n\t               <div class=\"banner-three__sub-title\">Blue Cave<\/div><h3 class=\"banner-three__title\">Express<\/h3>\t            <\/div>\r\n         <\/div>\r\n\r\n                     <a class=\"banner-three__overlay\" href=\"https:\/\/invictarabac.com\/de\/blue-cave-express\/\" ><\/a>\r\n                  \r\n      <\/div>\r\n   <\/div>   \r\n<\/div><\/div><div class=\"swiper-slide\">\r\n<div class=\"item\">\r\n   <div class=\"banner-three__single\">\r\n      <div class=\"banner-three__wrap\">\r\n         <div class=\"banner-three__image\">\r\n            <img decoding=\"async\" src=\"https:\/\/invictarabac.com\/wp-content\/uploads\/2025\/05\/1-sunset.jpg\" alt=\"+ Baden\"\/>         <\/div>\r\n         <div class=\"banner-three__content\">\r\n         \t\t<div class=\"banner-three__content-wrap\">\r\n\t               <div class=\"banner-three__sub-title\">Sonnenuntergang Tour <\/div><h3 class=\"banner-three__title\">+ Baden<\/h3>\t            <\/div>\r\n         <\/div>\r\n\r\n                     <a class=\"banner-three__overlay\" href=\"https:\/\/invictarabac.com\/de\/sunset-tour-swimming\/\" ><\/a>\r\n                  \r\n      <\/div>\r\n   <\/div>   \r\n<\/div><\/div><div class=\"swiper-slide\">\r\n<div class=\"item\">\r\n   <div class=\"banner-three__single\">\r\n      <div class=\"banner-three__wrap\">\r\n         <div class=\"banner-three__image\">\r\n            <img decoding=\"async\" src=\"https:\/\/invictarabac.com\/wp-content\/uploads\/2025\/05\/1submarine.jpg\" alt=\"Sea Patrol \"\/>         <\/div>\r\n         <div class=\"banner-three__content\">\r\n         \t\t<div class=\"banner-three__content-wrap\">\r\n\t               <div class=\"banner-three__sub-title\">Halb U Boot <\/div><h3 class=\"banner-three__title\">Sea Patrol <\/h3>\t            <\/div>\r\n         <\/div>\r\n\r\n                     <a class=\"banner-three__overlay\" href=\"https:\/\/invictarabac.com\/de\/sea-patrol\/\" ><\/a>\r\n                  \r\n      <\/div>\r\n   <\/div>   \r\n<\/div><\/div><div class=\"swiper-slide\">\r\n<div class=\"item\">\r\n   <div class=\"banner-three__single\">\r\n      <div class=\"banner-three__wrap\">\r\n         <div class=\"banner-three__image\">\r\n            <img decoding=\"async\" src=\"https:\/\/invictarabac.com\/wp-content\/uploads\/2025\/05\/1.cres-Island.jpg\" alt=\"Insel Cres\"\/>         <\/div>\r\n         <div class=\"banner-three__content\">\r\n         \t\t<div class=\"banner-three__content-wrap\">\r\n\t               <div class=\"banner-three__sub-title\">Fish Picnic <\/div><h3 class=\"banner-three__title\">Insel Cres<\/h3>\t            <\/div>\r\n         <\/div>\r\n\r\n                     <a class=\"banner-three__overlay\" href=\"https:\/\/invictarabac.com\/de\/cres-island-fish-picnic\/\" ><\/a>\r\n                  \r\n      <\/div>\r\n   <\/div>   \r\n<\/div><\/div><div class=\"swiper-slide\">\r\n<div class=\"item\">\r\n   <div class=\"banner-three__single\">\r\n      <div class=\"banner-three__wrap\">\r\n         <div class=\"banner-three__image\">\r\n            <img decoding=\"async\" src=\"https:\/\/invictarabac.com\/wp-content\/uploads\/2025\/05\/1.valun_.jpg\" alt=\"and Valun\"\/>         <\/div>\r\n         <div class=\"banner-three__content\">\r\n         \t\t<div class=\"banner-three__content-wrap\">\r\n\t               <div class=\"banner-three__sub-title\">Blaue H\u00f6hle <\/div><h3 class=\"banner-three__title\">and Valun<\/h3>\t            <\/div>\r\n         <\/div>\r\n\r\n                     <a class=\"banner-three__overlay\" href=\"https:\/\/invictarabac.com\/de\/blue-cave-and-valun-2\/\" ><\/a>\r\n                  \r\n      <\/div>\r\n   <\/div>   \r\n<\/div><\/div><div class=\"swiper-slide\">\r\n<div class=\"item\">\r\n   <div class=\"banner-three__single\">\r\n      <div class=\"banner-three__wrap\">\r\n         <div class=\"banner-three__image\">\r\n            <img decoding=\"async\" src=\"https:\/\/invictarabac.com\/wp-content\/uploads\/2025\/05\/1.-rentaboat.jpg\" alt=\"Rabac\"\/>         <\/div>\r\n         <div class=\"banner-three__content\">\r\n         \t\t<div class=\"banner-three__content-wrap\">\r\n\t               <div class=\"banner-three__sub-title\">Bootsverleih<\/div><h3 class=\"banner-three__title\">Rabac<\/h3>\t            <\/div>\r\n         <\/div>\r\n\r\n                     <a class=\"banner-three__overlay\" href=\"https:\/\/invictarabac.com\/de\/rent-a-boat\/\" ><\/a>\r\n                  \r\n      <\/div>\r\n   <\/div>   \r\n<\/div><\/div><div class=\"swiper-slide\">\r\n<div class=\"item\">\r\n   <div class=\"banner-three__single\">\r\n      <div class=\"banner-three__wrap\">\r\n         <div class=\"banner-three__image\">\r\n            <img decoding=\"async\" src=\"https:\/\/invictarabac.com\/wp-content\/uploads\/2025\/05\/1.e-Scooter-Rental-Invicta-Rabac.jpg\" alt=\"Verleih\"\/>         <\/div>\r\n         <div class=\"banner-three__content\">\r\n         \t\t<div class=\"banner-three__content-wrap\">\r\n\t               <div class=\"banner-three__sub-title\">Elektroroller<\/div><h3 class=\"banner-three__title\">Verleih<\/h3>\t            <\/div>\r\n         <\/div>\r\n\r\n                     <a class=\"banner-three__overlay\" href=\"https:\/\/invictarabac.com\/de\/e-scooter-rental\/\" ><\/a>\r\n                  \r\n      <\/div>\r\n   <\/div>   \r\n<\/div><\/div><div class=\"swiper-slide\">\r\n<div class=\"item\">\r\n   <div class=\"banner-three__single\">\r\n      <div class=\"banner-three__wrap\">\r\n         <div class=\"banner-three__image\">\r\n            <img decoding=\"async\" src=\"https:\/\/invictarabac.com\/wp-content\/uploads\/2025\/05\/1sup-1.jpg\" alt=\"Paddle Verleih\"\/>         <\/div>\r\n         <div class=\"banner-three__content\">\r\n         \t\t<div class=\"banner-three__content-wrap\">\r\n\t               <div class=\"banner-three__sub-title\">Stand up <\/div><h3 class=\"banner-three__title\">Paddle Verleih<\/h3>\t            <\/div>\r\n         <\/div>\r\n\r\n                     <a class=\"banner-three__overlay\" href=\"https:\/\/invictarabac.com\/de\/rent-a-sup\/\" ><\/a>\r\n                  \r\n      <\/div>\r\n   <\/div>   \r\n<\/div><\/div>         <\/div>\r\n      <\/div>      \r\n   <\/div>\r\n   <div class=\"swiper-pagination\"><\/div>   <div class=\"swiper-nav-next\"><\/div><div class=\"swiper-nav-prev\"><\/div> \r\n<\/div>\r\n<\/div>\t\t\t\t<\/div>\n\t\t\t\t<\/div>\n\t\t\t\t<\/div>\n\t\t<div class=\"elementor-element elementor-element-36e7756c e-con-full e-flex e-con e-child\" data-id=\"36e7756c\" data-element_type=\"container\">\n\t\t\t\t<\/div>\n\t\t\t\t\t<\/div>\n\t\t\t\t<\/div>\n\t\t\t\t<\/div>\n\t\t","protected":false},"excerpt":{"rendered":"<p>Stand up Paddle Verleih Stand Up Paddle (SUP) Boarding ist ein aufstrebender globaler Sport, der gro\u00dfen Spa\u00df, Liebe zum Wasser und bew\u00e4hrtes Rumpftraining kombiniert! Es ist eine gro\u00dfartige M\u00f6glichkeit, die [&hellip;]<\/p>\n","protected":false},"author":2,"featured_media":0,"parent":0,"menu_order":0,"comment_status":"closed","ping_status":"closed","template":"","meta":{"footnotes":""},"class_list":["post-9337","page","type-page","status-publish","hentry"],"yoast_head":"<!-- This site is optimized with the Yoast SEO plugin v25.4 - https:\/\/yoast.com\/wordpress\/plugins\/seo\/ -->\n<title>Stand up Paddle Verleih - Invicta Rabac Travel Agency<\/title>\n<meta name=\"description\" content=\"Stand up Paddle Verleih, Es ist eine gro\u00dfartige M\u00f6glichkeit, die K\u00fcste zu erkunden, ein kleines Workout oder eine SUP-Yoga-Sitzung\" \/>\n<meta name=\"robots\" content=\"index, follow, max-snippet:-1, max-image-preview:large, max-video-preview:-1\" \/>\n<link rel=\"canonical\" href=\"https:\/\/invictarabac.com\/de\/rent-a-sup\/\" \/>\n<meta property=\"og:locale\" content=\"de_DE\" \/>\n<meta property=\"og:type\" content=\"article\" \/>\n<meta property=\"og:title\" content=\"Stand up Paddle Verleih - Invicta Rabac Travel Agency\" \/>\n<meta property=\"og:description\" content=\"Stand up Paddle Verleih, Es ist eine gro\u00dfartige M\u00f6glichkeit, die K\u00fcste zu erkunden, ein kleines Workout oder eine SUP-Yoga-Sitzung\" \/>\n<meta property=\"og:url\" content=\"https:\/\/invictarabac.com\/de\/rent-a-sup\/\" \/>\n<meta property=\"og:site_name\" content=\"Invicta Rabac Travel Agency\" \/>\n<meta property=\"article:modified_time\" content=\"2025-07-01T15:33:13+00:00\" \/>\n<meta property=\"og:image\" content=\"https:\/\/invictarabac.com\/wp-content\/uploads\/2025\/05\/sup-1024x683.jpg\" \/>\n<meta name=\"twitter:card\" content=\"summary_large_image\" \/>\n<meta name=\"twitter:label1\" content=\"Gesch\u00e4tzte Lesezeit\" \/>\n\t<meta name=\"twitter:data1\" content=\"3\u00a0Minuten\" \/>\n<script type=\"application\/ld+json\" class=\"yoast-schema-graph\">{\"@context\":\"https:\/\/schema.org\",\"@graph\":[{\"@type\":\"WebPage\",\"@id\":\"https:\/\/invictarabac.com\/de\/rent-a-sup\/\",\"url\":\"https:\/\/invictarabac.com\/de\/rent-a-sup\/\",\"name\":\"Stand up Paddle Verleih - Invicta Rabac Travel Agency\",\"isPartOf\":{\"@id\":\"https:\/\/invictarabac.com\/#website\"},\"primaryImageOfPage\":{\"@id\":\"https:\/\/invictarabac.com\/de\/rent-a-sup\/#primaryimage\"},\"image\":{\"@id\":\"https:\/\/invictarabac.com\/de\/rent-a-sup\/#primaryimage\"},\"thumbnailUrl\":\"https:\/\/invictarabac.com\/wp-content\/uploads\/2025\/05\/sup-1024x683.jpg\",\"datePublished\":\"2025-05-13T09:21:22+00:00\",\"dateModified\":\"2025-07-01T15:33:13+00:00\",\"description\":\"Stand up Paddle Verleih, Es ist eine gro\u00dfartige M\u00f6glichkeit, die K\u00fcste zu erkunden, ein kleines Workout oder eine SUP-Yoga-Sitzung\",\"breadcrumb\":{\"@id\":\"https:\/\/invictarabac.com\/de\/rent-a-sup\/#breadcrumb\"},\"inLanguage\":\"de\",\"potentialAction\":[{\"@type\":\"ReadAction\",\"target\":[\"https:\/\/invictarabac.com\/de\/rent-a-sup\/\"]}]},{\"@type\":\"ImageObject\",\"inLanguage\":\"de\",\"@id\":\"https:\/\/invictarabac.com\/de\/rent-a-sup\/#primaryimage\",\"url\":\"https:\/\/invictarabac.com\/wp-content\/uploads\/2025\/05\/sup-1024x683.jpg\",\"contentUrl\":\"https:\/\/invictarabac.com\/wp-content\/uploads\/2025\/05\/sup-1024x683.jpg\"},{\"@type\":\"BreadcrumbList\",\"@id\":\"https:\/\/invictarabac.com\/de\/rent-a-sup\/#breadcrumb\",\"itemListElement\":[{\"@type\":\"ListItem\",\"position\":1,\"name\":\"Home\",\"item\":\"https:\/\/invictarabac.com\/de\/\"},{\"@type\":\"ListItem\",\"position\":2,\"name\":\"Stand up Paddle Verleih\"}]},{\"@type\":\"WebSite\",\"@id\":\"https:\/\/invictarabac.com\/#website\",\"url\":\"https:\/\/invictarabac.com\/\",\"name\":\"Invicta Rabac Travel Agency\",\"description\":\"See Exscursions - Exclusive Tours from Rabac\",\"publisher\":{\"@id\":\"https:\/\/invictarabac.com\/#organization\"},\"potentialAction\":[{\"@type\":\"SearchAction\",\"target\":{\"@type\":\"EntryPoint\",\"urlTemplate\":\"https:\/\/invictarabac.com\/?s={search_term_string}\"},\"query-input\":{\"@type\":\"PropertyValueSpecification\",\"valueRequired\":true,\"valueName\":\"search_term_string\"}}],\"inLanguage\":\"de\"},{\"@type\":\"Organization\",\"@id\":\"https:\/\/invictarabac.com\/#organization\",\"name\":\"Invicta Rabac Travel Agency\",\"url\":\"https:\/\/invictarabac.com\/\",\"logo\":{\"@type\":\"ImageObject\",\"inLanguage\":\"de\",\"@id\":\"https:\/\/invictarabac.com\/#\/schema\/logo\/image\/\",\"url\":\"https:\/\/invictarabac.com\/wp-content\/uploads\/2024\/11\/Invicta-Logo-.png\",\"contentUrl\":\"https:\/\/invictarabac.com\/wp-content\/uploads\/2024\/11\/Invicta-Logo-.png\",\"width\":1353,\"height\":551,\"caption\":\"Invicta Rabac Travel Agency\"},\"image\":{\"@id\":\"https:\/\/invictarabac.com\/#\/schema\/logo\/image\/\"}}]}<\/script>\n<!-- \/ Yoast SEO plugin. -->","yoast_head_json":{"title":"Stand up Paddle Verleih - Invicta Rabac Travel Agency","description":"Stand up Paddle Verleih, Es ist eine gro\u00dfartige M\u00f6glichkeit, die K\u00fcste zu erkunden, ein kleines Workout oder eine SUP-Yoga-Sitzung","robots":{"index":"index","follow":"follow","max-snippet":"max-snippet:-1","max-image-preview":"max-image-preview:large","max-video-preview":"max-video-preview:-1"},"canonical":"https:\/\/invictarabac.com\/de\/rent-a-sup\/","og_locale":"de_DE","og_type":"article","og_title":"Stand up Paddle Verleih - Invicta Rabac Travel Agency","og_description":"Stand up Paddle Verleih, Es ist eine gro\u00dfartige M\u00f6glichkeit, die K\u00fcste zu erkunden, ein kleines Workout oder eine SUP-Yoga-Sitzung","og_url":"https:\/\/invictarabac.com\/de\/rent-a-sup\/","og_site_name":"Invicta Rabac Travel Agency","article_modified_time":"2025-07-01T15:33:13+00:00","og_image":[{"url":"https:\/\/invictarabac.com\/wp-content\/uploads\/2025\/05\/sup-1024x683.jpg","type":"","width":"","height":""}],"twitter_card":"summary_large_image","twitter_misc":{"Gesch\u00e4tzte Lesezeit":"3\u00a0Minuten"},"schema":{"@context":"https:\/\/schema.org","@graph":[{"@type":"WebPage","@id":"https:\/\/invictarabac.com\/de\/rent-a-sup\/","url":"https:\/\/invictarabac.com\/de\/rent-a-sup\/","name":"Stand up Paddle Verleih - Invicta Rabac Travel Agency","isPartOf":{"@id":"https:\/\/invictarabac.com\/#website"},"primaryImageOfPage":{"@id":"https:\/\/invictarabac.com\/de\/rent-a-sup\/#primaryimage"},"image":{"@id":"https:\/\/invictarabac.com\/de\/rent-a-sup\/#primaryimage"},"thumbnailUrl":"https:\/\/invictarabac.com\/wp-content\/uploads\/2025\/05\/sup-1024x683.jpg","datePublished":"2025-05-13T09:21:22+00:00","dateModified":"2025-07-01T15:33:13+00:00","description":"Stand up Paddle Verleih, Es ist eine gro\u00dfartige M\u00f6glichkeit, die K\u00fcste zu erkunden, ein kleines Workout oder eine SUP-Yoga-Sitzung","breadcrumb":{"@id":"https:\/\/invictarabac.com\/de\/rent-a-sup\/#breadcrumb"},"inLanguage":"de","potentialAction":[{"@type":"ReadAction","target":["https:\/\/invictarabac.com\/de\/rent-a-sup\/"]}]},{"@type":"ImageObject","inLanguage":"de","@id":"https:\/\/invictarabac.com\/de\/rent-a-sup\/#primaryimage","url":"https:\/\/invictarabac.com\/wp-content\/uploads\/2025\/05\/sup-1024x683.jpg","contentUrl":"https:\/\/invictarabac.com\/wp-content\/uploads\/2025\/05\/sup-1024x683.jpg"},{"@type":"BreadcrumbList","@id":"https:\/\/invictarabac.com\/de\/rent-a-sup\/#breadcrumb","itemListElement":[{"@type":"ListItem","position":1,"name":"Home","item":"https:\/\/invictarabac.com\/de\/"},{"@type":"ListItem","position":2,"name":"Stand up Paddle Verleih"}]},{"@type":"WebSite","@id":"https:\/\/invictarabac.com\/#website","url":"https:\/\/invictarabac.com\/","name":"Invicta Rabac Travel Agency","description":"See Exscursions - Exclusive Tours from Rabac","publisher":{"@id":"https:\/\/invictarabac.com\/#organization"},"potentialAction":[{"@type":"SearchAction","target":{"@type":"EntryPoint","urlTemplate":"https:\/\/invictarabac.com\/?s={search_term_string}"},"query-input":{"@type":"PropertyValueSpecification","valueRequired":true,"valueName":"search_term_string"}}],"inLanguage":"de"},{"@type":"Organization","@id":"https:\/\/invictarabac.com\/#organization","name":"Invicta Rabac Travel Agency","url":"https:\/\/invictarabac.com\/","logo":{"@type":"ImageObject","inLanguage":"de","@id":"https:\/\/invictarabac.com\/#\/schema\/logo\/image\/","url":"https:\/\/invictarabac.com\/wp-content\/uploads\/2024\/11\/Invicta-Logo-.png","contentUrl":"https:\/\/invictarabac.com\/wp-content\/uploads\/2024\/11\/Invicta-Logo-.png","width":1353,"height":551,"caption":"Invicta Rabac Travel Agency"},"image":{"@id":"https:\/\/invictarabac.com\/#\/schema\/logo\/image\/"}}]}},"jetpack_sharing_enabled":true,"_links":{"self":[{"href":"https:\/\/invictarabac.com\/de\/wp-json\/wp\/v2\/pages\/9337","targetHints":{"allow":["GET"]}}],"collection":[{"href":"https:\/\/invictarabac.com\/de\/wp-json\/wp\/v2\/pages"}],"about":[{"href":"https:\/\/invictarabac.com\/de\/wp-json\/wp\/v2\/types\/page"}],"author":[{"embeddable":true,"href":"https:\/\/invictarabac.com\/de\/wp-json\/wp\/v2\/users\/2"}],"replies":[{"embeddable":true,"href":"https:\/\/invictarabac.com\/de\/wp-json\/wp\/v2\/comments?post=9337"}],"version-history":[{"count":9,"href":"https:\/\/invictarabac.com\/de\/wp-json\/wp\/v2\/pages\/9337\/revisions"}],"predecessor-version":[{"id":9483,"href":"https:\/\/invictarabac.com\/de\/wp-json\/wp\/v2\/pages\/9337\/revisions\/9483"}],"wp:attachment":[{"href":"https:\/\/invictarabac.com\/de\/wp-json\/wp\/v2\/media?parent=9337"}],"curies":[{"name":"wp","href":"https:\/\/api.w.org\/{rel}","templated":true}]}}