{"id":9332,"date":"2025-05-13T09:19:58","date_gmt":"2025-05-13T09:19:58","guid":{"rendered":"https:\/\/invictarabac.com\/e-scooter-rental\/"},"modified":"2025-07-01T15:26:41","modified_gmt":"2025-07-01T15:26:41","slug":"e-scooter-rental","status":"publish","type":"page","link":"https:\/\/invictarabac.com\/de\/e-scooter-rental\/","title":{"rendered":"Elektroroller Verleih"},"content":{"rendered":"\t\t<div data-elementor-type=\"wp-page\" data-elementor-id=\"9332\" class=\"elementor elementor-9332 elementor-8348\">\n\t\t\t\t<div class=\"elementor-element elementor-element-58cc6de6 e-con-full e-flex e-con e-parent\" data-id=\"58cc6de6\" data-element_type=\"container\" data-settings=\"{&quot;background_background&quot;:&quot;classic&quot;}\">\n\t\t\t\t<div class=\"elementor-element elementor-element-54828c4 elementor-widget elementor-widget-heading\" data-id=\"54828c4\" data-element_type=\"widget\" data-widget_type=\"heading.default\">\n\t\t\t\t<div class=\"elementor-widget-container\">\n\t\t\t\t\t<h2 class=\"elementor-heading-title elementor-size-default\">Elektroroller Verleih<\/h2>\t\t\t\t<\/div>\n\t\t\t\t<\/div>\n\t\t\t\t<\/div>\n\t\t<div class=\"elementor-element elementor-element-575a689 e-flex e-con-boxed e-con e-parent\" data-id=\"575a689\" data-element_type=\"container\">\n\t\t\t\t\t<div class=\"e-con-inner\">\n\t\t<div class=\"elementor-element elementor-element-27510fa e-con-full e-flex e-con e-child\" data-id=\"27510fa\" data-element_type=\"container\">\n\t\t\t\t<div class=\"elementor-element elementor-element-70142256 elementor-widget elementor-widget-gva-heading-block\" data-id=\"70142256\" data-element_type=\"widget\" data-widget_type=\"gva-heading-block.default\">\n\t\t\t\t<div class=\"elementor-widget-container\">\n\t\t\t\t\t<div class=\"gva-element-gva-heading-block gva-element\">\r\n   <div class=\"align-center style-3 widget gsc-heading box-align-left auto-responsive\">\r\n      \r\n      <div class=\"content-inner\">\r\n                  \r\n           \r\n         \r\n                     <h2 class=\"title\">\r\n               <span>Ein stilvolles, schnelles und praktisches Fahrzeug mit einfacher Lagerung f\u00fcr kurze Strecken.<\/span>\r\n            <\/h2>\r\n                  \r\n                     <div class=\"title-desc\">Einen Elektroroller in Rabac zu mieten ist eine ausgezeichnete Wahl. Sie k\u00f6nnen mit gro\u00dfer Sicherheit und Umweltbewusstsein an der Promenade entlangfahren.\n\nWir k\u00f6nnen Ihnen den Segway Ninebot G30 Max E-Scooter 2021 anbieten, der der beste und zuverl\u00e4ssigste seiner Klasse ist.\n<\/div>\r\n         \r\n               <\/div>\r\n\r\n   <\/div>\r\n\r\n<\/div>\t\t\t\t<\/div>\n\t\t\t\t<\/div>\n\t\t\t\t<\/div>\n\t\t<div class=\"elementor-element elementor-element-2036607 e-con-full e-flex e-con e-child\" data-id=\"2036607\" data-element_type=\"container\">\n\t\t\t\t<div class=\"elementor-element elementor-element-afd764c elementor-widget elementor-widget-image\" data-id=\"afd764c\" data-element_type=\"widget\" data-widget_type=\"image.default\">\n\t\t\t\t<div class=\"elementor-widget-container\">\n\t\t\t\t\t\t\t\t\t\t\t\t\t\t\t<img fetchpriority=\"high\" decoding=\"async\" width=\"900\" height=\"599\" src=\"https:\/\/invictarabac.com\/wp-content\/uploads\/2025\/05\/e-Scooter-Rental-Invicta-Rabac-1-1024x682.jpg\" class=\"attachment-large size-large wp-image-9147\" alt=\"\" srcset=\"https:\/\/invictarabac.com\/wp-content\/uploads\/2025\/05\/e-Scooter-Rental-Invicta-Rabac-1-1024x682.jpg 1024w, https:\/\/invictarabac.com\/wp-content\/uploads\/2025\/05\/e-Scooter-Rental-Invicta-Rabac-1-768x512.jpg 768w, https:\/\/invictarabac.com\/wp-content\/uploads\/2025\/05\/e-Scooter-Rental-Invicta-Rabac-1.jpg 1600w\" sizes=\"(max-width: 900px) 100vw, 900px\" \/>\t\t\t\t\t\t\t\t\t\t\t\t\t\t\t<\/div>\n\t\t\t\t<\/div>\n\t\t\t\t<\/div>\n\t\t\t\t\t<\/div>\n\t\t\t\t<\/div>\n\t\t<div class=\"elementor-element elementor-element-9623efe e-flex e-con-boxed e-con e-parent\" data-id=\"9623efe\" data-element_type=\"container\" data-settings=\"{&quot;background_background&quot;:&quot;classic&quot;}\">\n\t\t\t\t\t<div class=\"e-con-inner\">\n\t\t\t\t<div class=\"elementor-element elementor-element-f83f462 elementor-widget elementor-widget-html\" data-id=\"f83f462\" data-element_type=\"widget\" data-widget_type=\"html.default\">\n\t\t\t\t<div class=\"elementor-widget-container\">\n\t\t\t\t\t\n<div class=\"wpcf7 no-js\" id=\"wpcf7-f9396-o1\" lang=\"de-DE\" dir=\"ltr\" data-wpcf7-id=\"9396\">\n<div class=\"screen-reader-response\"><p role=\"status\" aria-live=\"polite\" aria-atomic=\"true\"><\/p> <ul><\/ul><\/div>\n<form action=\"\/de\/wp-json\/wp\/v2\/pages\/9332#wpcf7-f9396-o1\" method=\"post\" class=\"wpcf7-form init\" aria-label=\"Kontaktformular\" novalidate=\"novalidate\" data-status=\"init\">\n<fieldset class=\"hidden-fields-container\"><input type=\"hidden\" name=\"_wpcf7\" value=\"9396\" \/><input type=\"hidden\" name=\"_wpcf7_version\" value=\"6.1\" \/><input type=\"hidden\" name=\"_wpcf7_locale\" value=\"de_DE\" \/><input type=\"hidden\" name=\"_wpcf7_unit_tag\" value=\"wpcf7-f9396-o1\" \/><input type=\"hidden\" name=\"_wpcf7_container_post\" value=\"0\" \/><input type=\"hidden\" name=\"_wpcf7_posted_data_hash\" value=\"\" \/>\n<\/fieldset>\n<div class=\"row\">\n<div class=\"col-sm-6 col-xs-12\">W\u00e4hlen Sie ein Datum\n<span class=\"wpcf7-form-control-wrap\" data-name=\"date-606\"><input class=\"wpcf7-form-control wpcf7-date wpcf7-validates-as-required wpcf7-validates-as-date\" aria-required=\"true\" aria-invalid=\"false\" placeholder=\"W\u00e4hlen Sie ein Datum\" value=\"\" type=\"date\" name=\"date-606\" \/><\/span>\n<\/div>\n<div class=\"col-sm-6 col-xs-12\">Vorname und Nachname\n<span class=\"wpcf7-form-control-wrap\" data-name=\"text-509\"><input size=\"40\" maxlength=\"400\" class=\"wpcf7-form-control wpcf7-text wpcf7-validates-as-required\" aria-required=\"true\" aria-invalid=\"false\" placeholder=\"Vollst\u00e4ndiger Name\" value=\"\" type=\"text\" name=\"text-509\" \/><\/span>\n<\/div>\n<\/div>\n\n<div class=\"row\">\n<div class=\"col-sm-6 col-xs-12\">\n<span class=\"wpcf7-form-control-wrap\" data-name=\"select-575\"><select class=\"wpcf7-form-control wpcf7-select\" aria-invalid=\"false\" name=\"select-575\"><option value=\"\">1 Stunde<\/option><option value=\"3 Stunden\">3 Stunden<\/option><option value=\"1 Tag\">1 Tag<\/option><option value=\"Sonstiges\">Sonstiges<\/option><\/select><\/span>\n<\/div>   \n<div class=\"col-sm-6 col-xs-12\">\n<span class=\"wpcf7-form-control-wrap\" data-name=\"number-19\"><input class=\"wpcf7-form-control wpcf7-number wpcf7-validates-as-number\" min=\"01\" max=\"12\" aria-invalid=\"false\" placeholder=\"Anzahl der Personen\" value=\"\" type=\"number\" name=\"number-19\" \/><\/span>\n<\/div> \n<\/div>\n\n\n<div class=\"row\">\n<div class=\"col-sm-6 col-xs-12\">\n<span class=\"wpcf7-form-control-wrap\" data-name=\"email-789\"><input size=\"40\" maxlength=\"400\" class=\"wpcf7-form-control wpcf7-email wpcf7-validates-as-required wpcf7-text wpcf7-validates-as-email\" aria-required=\"true\" aria-invalid=\"false\" placeholder=\"Email\" value=\"\" type=\"email\" name=\"email-789\" \/><\/span>\n<\/div>\n<div class=\"col-sm-6 col-xs-12\">\n<span class=\"wpcf7-form-control-wrap\" data-name=\"tel-874\"><input size=\"40\" maxlength=\"400\" class=\"wpcf7-form-control wpcf7-tel wpcf7-text wpcf7-validates-as-tel\" aria-invalid=\"false\" placeholder=\"Telefon\" value=\"\" type=\"tel\" name=\"tel-874\" \/><\/span>\n<\/div> \n<\/div>\n<div class=\"row\">\n<div class=\"col-sm-12 col-xs-12\">\n<span class=\"wpcf7-form-control-wrap\" data-name=\"textarea-815\"><textarea cols=\"40\" rows=\"10\" maxlength=\"2000\" class=\"wpcf7-form-control wpcf7-textarea\" aria-invalid=\"false\" placeholder=\"Nachricht\" name=\"textarea-815\"><\/textarea><\/span>\n<\/div><\/div>\n\n\n   <div class=\"col-sm-12 col-xs-12 action text-left\"><span class=\"form-action\"><input class=\"wpcf7-form-control wpcf7-submit has-spinner\" type=\"submit\" value=\"Senden Sie eine Nachricht\" \/><\/span><\/div>\n<\/div><div class=\"wpcf7-response-output\" aria-hidden=\"true\"><\/div>\n<\/form>\n<\/div>\n\t\t\t\t<\/div>\n\t\t\t\t<\/div>\n\t\t\t\t\t<\/div>\n\t\t\t\t<\/div>\n\t\t<div class=\"elementor-element elementor-element-273c1748 e-flex e-con-boxed e-con e-parent\" data-id=\"273c1748\" data-element_type=\"container\" data-settings=\"{&quot;background_background&quot;:&quot;classic&quot;}\">\n\t\t\t\t\t<div class=\"e-con-inner\">\n\t\t<div class=\"elementor-element elementor-element-3c2b45b6 e-con-full e-flex e-con e-child\" data-id=\"3c2b45b6\" data-element_type=\"container\">\n\t\t\t\t<div class=\"elementor-element elementor-element-15a86c78 elementor-widget elementor-widget-gva-heading-block\" data-id=\"15a86c78\" data-element_type=\"widget\" data-widget_type=\"gva-heading-block.default\">\n\t\t\t\t<div class=\"elementor-widget-container\">\n\t\t\t\t\t<div class=\"gva-element-gva-heading-block gva-element\">\r\n   <div class=\"align-center style-3 widget gsc-heading box-align-center auto-responsive\">\r\n      \r\n      <div class=\"content-inner\">\r\n                  \r\n         <div class=\"sub-title\"><span class=\"tagline\">W\u00e4hlen Sie unsere Tourarten und genie\u00dfen Sie jetzt<\/span><\/div>  \r\n         \r\n                     <h2 class=\"title\">\r\n               <span>ALLE SERVICELEISTUNGEN<\/span>\r\n            <\/h2>\r\n                  \r\n         \r\n               <\/div>\r\n\r\n   <\/div>\r\n\r\n<\/div>\t\t\t\t<\/div>\n\t\t\t\t<\/div>\n\t\t\t\t<div class=\"elementor-element elementor-element-5fd5f470 elementor-widget elementor-widget-gva-listings-banner-group\" data-id=\"5fd5f470\" data-element_type=\"widget\" data-widget_type=\"gva-listings-banner-group.default\">\n\t\t\t\t<div class=\"elementor-widget-container\">\n\t\t\t\t\t<div class=\"gva-element-gva-listings-banner-group gva-element\">\r\n<div class=\"gsc-listings-banner-group layout-carousel swiper-slider-wrapper style-1\">\r\n   <div class=\"swiper-content-inner\">\r\n      <div class=\"init-carousel-swiper swiper\" data-carousel=\"{&quot;items&quot;:4,&quot;items_lg&quot;:4,&quot;items_md&quot;:2,&quot;items_sm&quot;:2,&quot;items_xs&quot;:1,&quot;items_xx&quot;:1,&quot;effect&quot;:&quot;slide&quot;,&quot;space_between&quot;:20,&quot;loop&quot;:1,&quot;speed&quot;:600,&quot;autoplay&quot;:1,&quot;autoplay_delay&quot;:4500,&quot;autoplay_hover&quot;:1,&quot;navigation&quot;:1,&quot;pagination&quot;:0,&quot;dynamic_bullets&quot;:0,&quot;pagination_type&quot;:&quot;fraction&quot;}\">\r\n         <div class=\"swiper-wrapper\">\r\n            <div class=\"swiper-slide\">\r\n<div class=\"item\">\r\n   <div class=\"banner-three__single\">\r\n      <div class=\"banner-three__wrap\">\r\n         <div class=\"banner-three__image\">\r\n            <img decoding=\"async\" src=\"https:\/\/invictarabac.com\/wp-content\/uploads\/2025\/05\/BLUE-CAVE1-1.jpg\" alt=\"Express\"\/>         <\/div>\r\n         <div class=\"banner-three__content\">\r\n         \t\t<div class=\"banner-three__content-wrap\">\r\n\t               <div class=\"banner-three__sub-title\">Blue Cave<\/div><h3 class=\"banner-three__title\">Express<\/h3>\t            <\/div>\r\n         <\/div>\r\n\r\n                     <a class=\"banner-three__overlay\" href=\"https:\/\/invictarabac.com\/de\/blue-cave-express\/\" ><\/a>\r\n                  \r\n      <\/div>\r\n   <\/div>   \r\n<\/div><\/div><div class=\"swiper-slide\">\r\n<div class=\"item\">\r\n   <div class=\"banner-three__single\">\r\n      <div class=\"banner-three__wrap\">\r\n         <div class=\"banner-three__image\">\r\n            <img decoding=\"async\" src=\"https:\/\/invictarabac.com\/wp-content\/uploads\/2025\/05\/1-sunset.jpg\" alt=\"+ Baden\"\/>         <\/div>\r\n         <div class=\"banner-three__content\">\r\n         \t\t<div class=\"banner-three__content-wrap\">\r\n\t               <div class=\"banner-three__sub-title\">Sonnenuntergang Tour <\/div><h3 class=\"banner-three__title\">+ Baden<\/h3>\t            <\/div>\r\n         <\/div>\r\n\r\n                     <a class=\"banner-three__overlay\" href=\"https:\/\/invictarabac.com\/de\/sunset-tour-swimming\/\" ><\/a>\r\n                  \r\n      <\/div>\r\n   <\/div>   \r\n<\/div><\/div><div class=\"swiper-slide\">\r\n<div class=\"item\">\r\n   <div class=\"banner-three__single\">\r\n      <div class=\"banner-three__wrap\">\r\n         <div class=\"banner-three__image\">\r\n            <img decoding=\"async\" src=\"https:\/\/invictarabac.com\/wp-content\/uploads\/2025\/05\/1submarine.jpg\" alt=\"Sea Patrol \"\/>         <\/div>\r\n         <div class=\"banner-three__content\">\r\n         \t\t<div class=\"banner-three__content-wrap\">\r\n\t               <div class=\"banner-three__sub-title\">Halb U Boot <\/div><h3 class=\"banner-three__title\">Sea Patrol <\/h3>\t            <\/div>\r\n         <\/div>\r\n\r\n                     <a class=\"banner-three__overlay\" href=\"https:\/\/invictarabac.com\/de\/sea-patrol\/\" ><\/a>\r\n                  \r\n      <\/div>\r\n   <\/div>   \r\n<\/div><\/div><div class=\"swiper-slide\">\r\n<div class=\"item\">\r\n   <div class=\"banner-three__single\">\r\n      <div class=\"banner-three__wrap\">\r\n         <div class=\"banner-three__image\">\r\n            <img decoding=\"async\" src=\"https:\/\/invictarabac.com\/wp-content\/uploads\/2025\/05\/1.cres-Island.jpg\" alt=\"Insel Cres\"\/>         <\/div>\r\n         <div class=\"banner-three__content\">\r\n         \t\t<div class=\"banner-three__content-wrap\">\r\n\t               <div class=\"banner-three__sub-title\">Fish Picnic <\/div><h3 class=\"banner-three__title\">Insel Cres<\/h3>\t            <\/div>\r\n         <\/div>\r\n\r\n                     <a class=\"banner-three__overlay\" href=\"https:\/\/invictarabac.com\/de\/cres-island-fish-picnic\/\" ><\/a>\r\n                  \r\n      <\/div>\r\n   <\/div>   \r\n<\/div><\/div><div class=\"swiper-slide\">\r\n<div class=\"item\">\r\n   <div class=\"banner-three__single\">\r\n      <div class=\"banner-three__wrap\">\r\n         <div class=\"banner-three__image\">\r\n            <img decoding=\"async\" src=\"https:\/\/invictarabac.com\/wp-content\/uploads\/2025\/05\/1.valun_.jpg\" alt=\"and Valun\"\/>         <\/div>\r\n         <div class=\"banner-three__content\">\r\n         \t\t<div class=\"banner-three__content-wrap\">\r\n\t               <div class=\"banner-three__sub-title\">Blaue H\u00f6hle <\/div><h3 class=\"banner-three__title\">and Valun<\/h3>\t            <\/div>\r\n         <\/div>\r\n\r\n                     <a class=\"banner-three__overlay\" href=\"https:\/\/invictarabac.com\/de\/blue-cave-and-valun-2\/\" ><\/a>\r\n                  \r\n      <\/div>\r\n   <\/div>   \r\n<\/div><\/div><div class=\"swiper-slide\">\r\n<div class=\"item\">\r\n   <div class=\"banner-three__single\">\r\n      <div class=\"banner-three__wrap\">\r\n         <div class=\"banner-three__image\">\r\n            <img decoding=\"async\" src=\"https:\/\/invictarabac.com\/wp-content\/uploads\/2025\/05\/1.-rentaboat.jpg\" alt=\"Rabac\"\/>         <\/div>\r\n         <div class=\"banner-three__content\">\r\n         \t\t<div class=\"banner-three__content-wrap\">\r\n\t               <div class=\"banner-three__sub-title\">Bootsverleih<\/div><h3 class=\"banner-three__title\">Rabac<\/h3>\t            <\/div>\r\n         <\/div>\r\n\r\n                     <a class=\"banner-three__overlay\" href=\"https:\/\/invictarabac.com\/de\/rent-a-boat\/\" ><\/a>\r\n                  \r\n      <\/div>\r\n   <\/div>   \r\n<\/div><\/div><div class=\"swiper-slide\">\r\n<div class=\"item\">\r\n   <div class=\"banner-three__single\">\r\n      <div class=\"banner-three__wrap\">\r\n         <div class=\"banner-three__image\">\r\n            <img decoding=\"async\" src=\"https:\/\/invictarabac.com\/wp-content\/uploads\/2025\/05\/1.e-Scooter-Rental-Invicta-Rabac.jpg\" alt=\"Verleih\"\/>         <\/div>\r\n         <div class=\"banner-three__content\">\r\n         \t\t<div class=\"banner-three__content-wrap\">\r\n\t               <div class=\"banner-three__sub-title\">Elektroroller<\/div><h3 class=\"banner-three__title\">Verleih<\/h3>\t            <\/div>\r\n         <\/div>\r\n\r\n                     <a class=\"banner-three__overlay\" href=\"https:\/\/invictarabac.com\/de\/e-scooter-rental\/\" ><\/a>\r\n                  \r\n      <\/div>\r\n   <\/div>   \r\n<\/div><\/div><div class=\"swiper-slide\">\r\n<div class=\"item\">\r\n   <div class=\"banner-three__single\">\r\n      <div class=\"banner-three__wrap\">\r\n         <div class=\"banner-three__image\">\r\n            <img decoding=\"async\" src=\"https:\/\/invictarabac.com\/wp-content\/uploads\/2025\/05\/1sup-1.jpg\" alt=\"Paddle Verleih\"\/>         <\/div>\r\n         <div class=\"banner-three__content\">\r\n         \t\t<div class=\"banner-three__content-wrap\">\r\n\t               <div class=\"banner-three__sub-title\">Stand up <\/div><h3 class=\"banner-three__title\">Paddle Verleih<\/h3>\t            <\/div>\r\n         <\/div>\r\n\r\n                     <a class=\"banner-three__overlay\" href=\"https:\/\/invictarabac.com\/de\/rent-a-sup\/\" ><\/a>\r\n                  \r\n      <\/div>\r\n   <\/div>   \r\n<\/div><\/div>         <\/div>\r\n      <\/div>      \r\n   <\/div>\r\n   <div class=\"swiper-pagination\"><\/div>   <div class=\"swiper-nav-next\"><\/div><div class=\"swiper-nav-prev\"><\/div> \r\n<\/div>\r\n<\/div>\t\t\t\t<\/div>\n\t\t\t\t<\/div>\n\t\t\t\t<\/div>\n\t\t<div class=\"elementor-element elementor-element-3be5c3b4 e-con-full e-flex e-con e-child\" data-id=\"3be5c3b4\" data-element_type=\"container\">\n\t\t\t\t<\/div>\n\t\t\t\t\t<\/div>\n\t\t\t\t<\/div>\n\t\t\t\t<\/div>\n\t\t","protected":false},"excerpt":{"rendered":"<p>Elektroroller Verleih Ein stilvolles, schnelles und praktisches Fahrzeug mit einfacher Lagerung f\u00fcr kurze Strecken. Einen Elektroroller in Rabac zu mieten ist eine ausgezeichnete Wahl. Sie k\u00f6nnen mit gro\u00dfer Sicherheit und [&hellip;]<\/p>\n","protected":false},"author":2,"featured_media":0,"parent":0,"menu_order":0,"comment_status":"closed","ping_status":"closed","template":"","meta":{"footnotes":""},"class_list":["post-9332","page","type-page","status-publish","hentry"],"yoast_head":"<!-- This site is optimized with the Yoast SEO plugin v25.4 - https:\/\/yoast.com\/wordpress\/plugins\/seo\/ -->\n<title>Elektroroller Verleih - Invicta Rabac Travel Agency<\/title>\n<meta name=\"description\" content=\"Elektroroller Verleih, Einen Elektroroller in Rabac zu mieten ist eine ausgezeichnete Wahl. Sie k\u00f6nnen mit gro\u00dfer Sicherheit und ..\" \/>\n<meta name=\"robots\" content=\"index, follow, max-snippet:-1, max-image-preview:large, max-video-preview:-1\" \/>\n<link rel=\"canonical\" href=\"https:\/\/invictarabac.com\/de\/e-scooter-rental\/\" \/>\n<meta property=\"og:locale\" content=\"de_DE\" \/>\n<meta property=\"og:type\" content=\"article\" \/>\n<meta property=\"og:title\" content=\"Elektroroller Verleih - Invicta Rabac Travel Agency\" \/>\n<meta property=\"og:description\" content=\"Elektroroller Verleih, Einen Elektroroller in Rabac zu mieten ist eine ausgezeichnete Wahl. Sie k\u00f6nnen mit gro\u00dfer Sicherheit und ..\" \/>\n<meta property=\"og:url\" content=\"https:\/\/invictarabac.com\/de\/e-scooter-rental\/\" \/>\n<meta property=\"og:site_name\" content=\"Invicta Rabac Travel Agency\" \/>\n<meta property=\"article:modified_time\" content=\"2025-07-01T15:26:41+00:00\" \/>\n<meta property=\"og:image\" content=\"https:\/\/invictarabac.com\/wp-content\/uploads\/2025\/05\/e-Scooter-Rental-Invicta-Rabac-1-1024x682.jpg\" \/>\n<meta name=\"twitter:card\" content=\"summary_large_image\" \/>\n<meta name=\"twitter:label1\" content=\"Gesch\u00e4tzte Lesezeit\" \/>\n\t<meta name=\"twitter:data1\" content=\"3\u00a0Minuten\" \/>\n<script type=\"application\/ld+json\" class=\"yoast-schema-graph\">{\"@context\":\"https:\/\/schema.org\",\"@graph\":[{\"@type\":\"WebPage\",\"@id\":\"https:\/\/invictarabac.com\/de\/e-scooter-rental\/\",\"url\":\"https:\/\/invictarabac.com\/de\/e-scooter-rental\/\",\"name\":\"Elektroroller Verleih - Invicta Rabac Travel Agency\",\"isPartOf\":{\"@id\":\"https:\/\/invictarabac.com\/#website\"},\"primaryImageOfPage\":{\"@id\":\"https:\/\/invictarabac.com\/de\/e-scooter-rental\/#primaryimage\"},\"image\":{\"@id\":\"https:\/\/invictarabac.com\/de\/e-scooter-rental\/#primaryimage\"},\"thumbnailUrl\":\"https:\/\/invictarabac.com\/wp-content\/uploads\/2025\/05\/e-Scooter-Rental-Invicta-Rabac-1-1024x682.jpg\",\"datePublished\":\"2025-05-13T09:19:58+00:00\",\"dateModified\":\"2025-07-01T15:26:41+00:00\",\"description\":\"Elektroroller Verleih, Einen Elektroroller in Rabac zu mieten ist eine ausgezeichnete Wahl. Sie k\u00f6nnen mit gro\u00dfer Sicherheit und ..\",\"breadcrumb\":{\"@id\":\"https:\/\/invictarabac.com\/de\/e-scooter-rental\/#breadcrumb\"},\"inLanguage\":\"de\",\"potentialAction\":[{\"@type\":\"ReadAction\",\"target\":[\"https:\/\/invictarabac.com\/de\/e-scooter-rental\/\"]}]},{\"@type\":\"ImageObject\",\"inLanguage\":\"de\",\"@id\":\"https:\/\/invictarabac.com\/de\/e-scooter-rental\/#primaryimage\",\"url\":\"https:\/\/invictarabac.com\/wp-content\/uploads\/2025\/05\/e-Scooter-Rental-Invicta-Rabac-1-1024x682.jpg\",\"contentUrl\":\"https:\/\/invictarabac.com\/wp-content\/uploads\/2025\/05\/e-Scooter-Rental-Invicta-Rabac-1-1024x682.jpg\"},{\"@type\":\"BreadcrumbList\",\"@id\":\"https:\/\/invictarabac.com\/de\/e-scooter-rental\/#breadcrumb\",\"itemListElement\":[{\"@type\":\"ListItem\",\"position\":1,\"name\":\"Home\",\"item\":\"https:\/\/invictarabac.com\/de\/\"},{\"@type\":\"ListItem\",\"position\":2,\"name\":\"Elektroroller Verleih\"}]},{\"@type\":\"WebSite\",\"@id\":\"https:\/\/invictarabac.com\/#website\",\"url\":\"https:\/\/invictarabac.com\/\",\"name\":\"Invicta Rabac Travel Agency\",\"description\":\"See Exscursions - Exclusive Tours from Rabac\",\"publisher\":{\"@id\":\"https:\/\/invictarabac.com\/#organization\"},\"potentialAction\":[{\"@type\":\"SearchAction\",\"target\":{\"@type\":\"EntryPoint\",\"urlTemplate\":\"https:\/\/invictarabac.com\/?s={search_term_string}\"},\"query-input\":{\"@type\":\"PropertyValueSpecification\",\"valueRequired\":true,\"valueName\":\"search_term_string\"}}],\"inLanguage\":\"de\"},{\"@type\":\"Organization\",\"@id\":\"https:\/\/invictarabac.com\/#organization\",\"name\":\"Invicta Rabac Travel Agency\",\"url\":\"https:\/\/invictarabac.com\/\",\"logo\":{\"@type\":\"ImageObject\",\"inLanguage\":\"de\",\"@id\":\"https:\/\/invictarabac.com\/#\/schema\/logo\/image\/\",\"url\":\"https:\/\/invictarabac.com\/wp-content\/uploads\/2024\/11\/Invicta-Logo-.png\",\"contentUrl\":\"https:\/\/invictarabac.com\/wp-content\/uploads\/2024\/11\/Invicta-Logo-.png\",\"width\":1353,\"height\":551,\"caption\":\"Invicta Rabac Travel Agency\"},\"image\":{\"@id\":\"https:\/\/invictarabac.com\/#\/schema\/logo\/image\/\"}}]}<\/script>\n<!-- \/ Yoast SEO plugin. -->","yoast_head_json":{"title":"Elektroroller Verleih - Invicta Rabac Travel Agency","description":"Elektroroller Verleih, Einen Elektroroller in Rabac zu mieten ist eine ausgezeichnete Wahl. Sie k\u00f6nnen mit gro\u00dfer Sicherheit und ..","robots":{"index":"index","follow":"follow","max-snippet":"max-snippet:-1","max-image-preview":"max-image-preview:large","max-video-preview":"max-video-preview:-1"},"canonical":"https:\/\/invictarabac.com\/de\/e-scooter-rental\/","og_locale":"de_DE","og_type":"article","og_title":"Elektroroller Verleih - Invicta Rabac Travel Agency","og_description":"Elektroroller Verleih, Einen Elektroroller in Rabac zu mieten ist eine ausgezeichnete Wahl. Sie k\u00f6nnen mit gro\u00dfer Sicherheit und ..","og_url":"https:\/\/invictarabac.com\/de\/e-scooter-rental\/","og_site_name":"Invicta Rabac Travel Agency","article_modified_time":"2025-07-01T15:26:41+00:00","og_image":[{"url":"https:\/\/invictarabac.com\/wp-content\/uploads\/2025\/05\/e-Scooter-Rental-Invicta-Rabac-1-1024x682.jpg","type":"","width":"","height":""}],"twitter_card":"summary_large_image","twitter_misc":{"Gesch\u00e4tzte Lesezeit":"3\u00a0Minuten"},"schema":{"@context":"https:\/\/schema.org","@graph":[{"@type":"WebPage","@id":"https:\/\/invictarabac.com\/de\/e-scooter-rental\/","url":"https:\/\/invictarabac.com\/de\/e-scooter-rental\/","name":"Elektroroller Verleih - Invicta Rabac Travel Agency","isPartOf":{"@id":"https:\/\/invictarabac.com\/#website"},"primaryImageOfPage":{"@id":"https:\/\/invictarabac.com\/de\/e-scooter-rental\/#primaryimage"},"image":{"@id":"https:\/\/invictarabac.com\/de\/e-scooter-rental\/#primaryimage"},"thumbnailUrl":"https:\/\/invictarabac.com\/wp-content\/uploads\/2025\/05\/e-Scooter-Rental-Invicta-Rabac-1-1024x682.jpg","datePublished":"2025-05-13T09:19:58+00:00","dateModified":"2025-07-01T15:26:41+00:00","description":"Elektroroller Verleih, Einen Elektroroller in Rabac zu mieten ist eine ausgezeichnete Wahl. Sie k\u00f6nnen mit gro\u00dfer Sicherheit und ..","breadcrumb":{"@id":"https:\/\/invictarabac.com\/de\/e-scooter-rental\/#breadcrumb"},"inLanguage":"de","potentialAction":[{"@type":"ReadAction","target":["https:\/\/invictarabac.com\/de\/e-scooter-rental\/"]}]},{"@type":"ImageObject","inLanguage":"de","@id":"https:\/\/invictarabac.com\/de\/e-scooter-rental\/#primaryimage","url":"https:\/\/invictarabac.com\/wp-content\/uploads\/2025\/05\/e-Scooter-Rental-Invicta-Rabac-1-1024x682.jpg","contentUrl":"https:\/\/invictarabac.com\/wp-content\/uploads\/2025\/05\/e-Scooter-Rental-Invicta-Rabac-1-1024x682.jpg"},{"@type":"BreadcrumbList","@id":"https:\/\/invictarabac.com\/de\/e-scooter-rental\/#breadcrumb","itemListElement":[{"@type":"ListItem","position":1,"name":"Home","item":"https:\/\/invictarabac.com\/de\/"},{"@type":"ListItem","position":2,"name":"Elektroroller Verleih"}]},{"@type":"WebSite","@id":"https:\/\/invictarabac.com\/#website","url":"https:\/\/invictarabac.com\/","name":"Invicta Rabac Travel Agency","description":"See Exscursions - Exclusive Tours from Rabac","publisher":{"@id":"https:\/\/invictarabac.com\/#organization"},"potentialAction":[{"@type":"SearchAction","target":{"@type":"EntryPoint","urlTemplate":"https:\/\/invictarabac.com\/?s={search_term_string}"},"query-input":{"@type":"PropertyValueSpecification","valueRequired":true,"valueName":"search_term_string"}}],"inLanguage":"de"},{"@type":"Organization","@id":"https:\/\/invictarabac.com\/#organization","name":"Invicta Rabac Travel Agency","url":"https:\/\/invictarabac.com\/","logo":{"@type":"ImageObject","inLanguage":"de","@id":"https:\/\/invictarabac.com\/#\/schema\/logo\/image\/","url":"https:\/\/invictarabac.com\/wp-content\/uploads\/2024\/11\/Invicta-Logo-.png","contentUrl":"https:\/\/invictarabac.com\/wp-content\/uploads\/2024\/11\/Invicta-Logo-.png","width":1353,"height":551,"caption":"Invicta Rabac Travel Agency"},"image":{"@id":"https:\/\/invictarabac.com\/#\/schema\/logo\/image\/"}}]}},"jetpack_sharing_enabled":true,"_links":{"self":[{"href":"https:\/\/invictarabac.com\/de\/wp-json\/wp\/v2\/pages\/9332","targetHints":{"allow":["GET"]}}],"collection":[{"href":"https:\/\/invictarabac.com\/de\/wp-json\/wp\/v2\/pages"}],"about":[{"href":"https:\/\/invictarabac.com\/de\/wp-json\/wp\/v2\/types\/page"}],"author":[{"embeddable":true,"href":"https:\/\/invictarabac.com\/de\/wp-json\/wp\/v2\/users\/2"}],"replies":[{"embeddable":true,"href":"https:\/\/invictarabac.com\/de\/wp-json\/wp\/v2\/comments?post=9332"}],"version-history":[{"count":9,"href":"https:\/\/invictarabac.com\/de\/wp-json\/wp\/v2\/pages\/9332\/revisions"}],"predecessor-version":[{"id":9477,"href":"https:\/\/invictarabac.com\/de\/wp-json\/wp\/v2\/pages\/9332\/revisions\/9477"}],"wp:attachment":[{"href":"https:\/\/invictarabac.com\/de\/wp-json\/wp\/v2\/media?parent=9332"}],"curies":[{"name":"wp","href":"https:\/\/api.w.org\/{rel}","templated":true}]}}